{"id":7225,"date":"2021-02-02T09:58:22","date_gmt":"2021-02-02T08:58:22","guid":{"rendered":"https:\/\/www.gvmacero.it\/tecnologia\/"},"modified":"2023-05-18T19:42:34","modified_gmt":"2023-05-18T17:42:34","slug":"technology","status":"publish","type":"page","link":"https:\/\/www.gvmacero.it\/en\/company\/technology\/","title":{"rendered":"Technology"},"content":{"rendered":"<div class=\"wpb-content-wrapper\"><p>[vc_row content_width=&#8221;grid&#8221; css=&#8221;.vc_custom_1613470613207{padding-top: 88px !important;padding-bottom: 15px !important;}&#8221;][vc_column width=&#8221;1\/3&#8243;][vc_single_image image=&#8221;5326&#8243; img_size=&#8221;full&#8221;][vc_empty_space height=&#8221;16px&#8221;][vc_column_text]<\/p>\n<h4>DRUMFEEDER<\/h4>\n<p>[\/vc_column_text][vc_empty_space height=&#8221;3px&#8221;][vc_column_text]<\/p>\n<p style=\"font-size: 17px;\">Automatic and constant feeding conveyor belt for sorting systems<\/p>\n<p><strong>Features<\/strong>: It allows constant feeding of the conveyor belt, thus optimizing the sorting capacity of the system.[\/vc_column_text][vc_empty_space height=&#8221;4px&#8221;][vc_empty_space height=&#8221;30px&#8221;][\/vc_column][vc_column width=&#8221;1\/3&#8243;][vc_single_image image=&#8221;5357&#8243; img_size=&#8221;full&#8221;][vc_empty_space height=&#8221;16px&#8221;][vc_column_text]<\/p>\n<h4 class=\"product-title\">BALLISTIC SEPARATOR &#8211; STADLER<\/h4>\n<p>[\/vc_column_text][vc_empty_space height=&#8221;3px&#8221;][vc_column_text]<\/p>\n<p style=\"font-size: 17px;\">Automatic separation system for paper and cardboard.<\/p>\n<p><strong>Features<\/strong>: Located immediately after the DRUMFEEDER, the ballistic separator separates cardboard (larger than A4) from paper using PADDLES.[\/vc_column_text][vc_empty_space height=&#8221;4px&#8221;][vc_empty_space height=&#8221;30px&#8221;][\/vc_column][vc_column width=&#8221;1\/3&#8243;][vc_single_image image=&#8221;5329&#8243; img_size=&#8221;full&#8221;][vc_empty_space height=&#8221;16px&#8221;][vc_column_text]<\/p>\n<h4 class=\"product-title\">FINE SCREEN + PAPER SPIKE<\/h4>\n<p>[\/vc_column_text][vc_empty_space height=&#8221;3px&#8221;][vc_column_text]<\/p>\n<p style=\"font-size: 17px;\">Sieving and automatic separation system to separate cardboard from paper.<\/p>\n<p><strong>Features<\/strong>: The Paper Spike allows removing cardboard (less than A4 format) from the residual paper flow after sieving (performed by the FINE SCREEN). The principle is surprisingly simple but very effective: the material is conveyed between a device equipped with spikes where the cardboard is perforated and removed. The paper, instead, is conveyed onto the belt.[\/vc_column_text][vc_empty_space height=&#8221;4px&#8221;][vc_empty_space height=&#8221;30px&#8221;][\/vc_column][\/vc_row][vc_row content_width=&#8221;grid&#8221; css=&#8221;.vc_custom_1613470683460{padding-top: 8px !important;padding-bottom: 15px !important;}&#8221;][vc_column width=&#8221;1\/3&#8243;][vc_single_image image=&#8221;5347&#8243; img_size=&#8221;full&#8221;][vc_empty_space height=&#8221;16px&#8221;][vc_column_text]<\/p>\n<h4 class=\"product-title\">TITECH PAPERSORT<\/h4>\n<p>[\/vc_column_text][vc_empty_space height=&#8221;3px&#8221;][vc_column_text]<\/p>\n<p style=\"font-size: 17px;\">A high-precision sorting system that can sort printed paper from printed cardboard of the same color in CMYB.<\/p>\n<p><strong>Features<\/strong>: Provides final automatic waste separation from paper with a scanning system and high-pressure air feed on a high-speed conveyor.[\/vc_column_text][vc_empty_space height=&#8221;4px&#8221;][vc_empty_space height=&#8221;30px&#8221;][\/vc_column][vc_column width=&#8221;1\/3&#8243;][vc_single_image image=&#8221;5360&#8243; img_size=&#8221;full&#8221;][vc_empty_space height=&#8221;16px&#8221;][vc_column_text]<\/p>\n<h4 class=\"product-title\">SUSPENDED PLATFORM<\/h4>\n<p>[\/vc_column_text][vc_empty_space height=&#8221;3px&#8221;][vc_column_text]<\/p>\n<p style=\"font-size: 17px;\">A suspended platform for manual sorting of printed materials.<\/p>\n<p><strong>Features<\/strong>: The suspended platform for the manual sorting of paper allows accurate sorting and instant visual inspection of any material originating from printing companies and graphic design companies, and then the sorting and recovery of discarded material in the bunkers below.[\/vc_column_text][vc_empty_space height=&#8221;4px&#8221;][vc_empty_space height=&#8221;30px&#8221;][\/vc_column][vc_column width=&#8221;1\/3&#8243;][vc_single_image image=&#8221;5317&#8243; img_size=&#8221;full&#8221;][vc_empty_space height=&#8221;16px&#8221;][vc_column_text]<\/p>\n<h4 class=\"product-title\">BALER HBC 80\/HBC 100 BOLLEGRAAF<\/h4>\n<p>[\/vc_column_text][vc_empty_space height=&#8221;3px&#8221;][vc_column_text]<\/p>\n<p style=\"font-size: 17px;\">Automatic continuous balers for compaction.<\/p>\n<p>[\/vc_column_text][vc_empty_space height=&#8221;4px&#8221;][vc_empty_space height=&#8221;30px&#8221;][\/vc_column][\/vc_row][vc_row content_width=&#8221;grid&#8221; css=&#8221;.vc_custom_1613470693168{padding-top: 8px !important;padding-bottom: 15px !important;}&#8221;][vc_column width=&#8221;1\/3&#8243;][vc_single_image image=&#8221;5363&#8243; img_size=&#8221;full&#8221;][vc_empty_space height=&#8221;16px&#8221;][vc_column_text]<\/p>\n<h4 class=\"product-title\">SCHREDDER<\/h4>\n<p>[\/vc_column_text][vc_empty_space height=&#8221;3px&#8221;][vc_column_text]<\/p>\n<p style=\"font-size: 17px;\">A shredder for shredding\/ confidential\/sensitive documents.<\/p>\n<p>[\/vc_column_text][vc_empty_space height=&#8221;4px&#8221;][vc_empty_space height=&#8221;30px&#8221;][\/vc_column][vc_column width=&#8221;1\/3&#8243;][vc_single_image image=&#8221;5380&#8243; img_size=&#8221;full&#8221;][vc_empty_space height=&#8221;16px&#8221;][vc_column_text]<\/p>\n<h4 class=\"product-title\">COIL CUTTER<\/h4>\n<p>[\/vc_column_text][vc_empty_space height=&#8221;3px&#8221;][vc_column_text]<\/p>\n<p style=\"font-size: 17px;\">A plant designed for cutting reels, cores, and tubes.<\/p>\n<p><strong>Technical Specifications<\/strong>: Cylinder \u00d8 115\u00d780 for 1,400 mm stroke &#8211; Cylinder \u00d8140\u00d780 for 1,400 mm stroke.[\/vc_column_text][vc_empty_space height=&#8221;4px&#8221;][vc_empty_space height=&#8221;30px&#8221;][\/vc_column][vc_column width=&#8221;1\/3&#8243;][vc_single_image image=&#8221;5338&#8243; img_size=&#8221;full&#8221;][vc_empty_space height=&#8221;16px&#8221;][vc_column_text]<\/p>\n<h4 class=\"product-title\">BAR CODE SYSTEM FOR BALE LABELING<\/h4>\n<p>[\/vc_column_text][vc_empty_space height=&#8221;3px&#8221;][vc_column_text]<\/p>\n<p style=\"font-size: 17px;\">IT automated warehousing and storage management.<\/p>\n<p><strong>Features<\/strong>: This bar code labeling system keeps the storage and warehousing statuses up-to-date. It also allows real-time warehouse management (loading\/unloading) and immediate computerized issuance of shipping documents.[\/vc_column_text][vc_empty_space height=&#8221;4px&#8221;][vc_empty_space height=&#8221;30px&#8221;][\/vc_column][\/vc_row][vc_row content_width=&#8221;grid&#8221; css=&#8221;.vc_custom_1613470585706{padding-top: 8px !important;padding-bottom: 63px !important;}&#8221;][vc_column width=&#8221;1\/3&#8243;][vc_single_image image=&#8221;5367&#8243; img_size=&#8221;full&#8221;][vc_empty_space height=&#8221;16px&#8221;][vc_column_text]<\/p>\n<h4 class=\"product-title\">SOLMEC AND LINDE ZERO EMISSION EQUIPMENT<\/h4>\n<p>[\/vc_column_text][vc_empty_space height=&#8221;3px&#8221;][vc_column_text]<\/p>\n<p style=\"font-size: 17px;\">Warehouse handling of goods using equipment in compliance with environmental sustainability.<\/p>\n<p>[\/vc_column_text][vc_empty_space height=&#8221;4px&#8221;][vc_empty_space height=&#8221;30px&#8221;][\/vc_column][vc_column width=&#8221;1\/3&#8243;][vc_single_image image=&#8221;6721&#8243; img_size=&#8221;full&#8221;][vc_empty_space height=&#8221;16px&#8221;][vc_column_text]<\/p>\n<h4 class=\"product-title\">RENEWABLE ENERGY SOURCES<\/h4>\n<p>[\/vc_column_text][vc_empty_space height=&#8221;3px&#8221;][vc_column_text]<\/p>\n<p style=\"font-size: 17px;\">Photovoltaic panels and rainwater harvesting in respect of the environment.<\/p>\n<p>[\/vc_column_text][vc_empty_space height=&#8221;4px&#8221;][vc_empty_space height=&#8221;30px&#8221;][\/vc_column][vc_column width=&#8221;1\/3&#8243;][vc_single_image image=&#8221;6759&#8243; img_size=&#8221;800&#215;533&#8243;][vc_empty_space height=&#8221;16px&#8221;][vc_column_text]<\/p>\n<h4 class=\"product-title\">VEHICLE FLEET<\/h4>\n<p>[\/vc_column_text][vc_empty_space height=&#8221;3px&#8221;][vc_column_text]<\/p>\n<p style=\"font-size: 17px;\">Corporate-owned vehicles for paper\/cardboard, plastics, and garbage collection service.<\/p>\n<p>[\/vc_column_text][vc_empty_space height=&#8221;4px&#8221;][vc_empty_space height=&#8221;30px&#8221;][\/vc_column][\/vc_row][vc_row css=&#8221;.vc_custom_1613033892018{padding-top: 28px !important;padding-bottom: 28px !important;background-color: #00a0e8 !important;}&#8221;][vc_column]\t<div class=\"mkd-call-to-action normal mkd-dark\">\n\n\t\t\t\t<div class=\"mkd-container-inner\">\n\t\t\t\t\t<div class=\"mkd-call-to-action-row-75-25 clearfix\" style=\"padding: 20px;\">\n\t\t\t\t\t\t<div class=\"mkd-text-wrapper mkd-call-to-action-column1 mkd-call-to-action-cell\">\n\t\t\t\t\t\t\t\t\t<div class=\"mkd-call-to-action-text\" >\n<h5><span style=\"color: #ffffff;\">Contact us for more information!<\/span><\/h5>\n<\/div>\n\t\t\t\t<\/div>\n\n\t\t\t\t\t\t\t\t\t<div class=\"mkd-button-wrapper mkd-call-to-action-column2 mkd-call-to-action-cell\" style =\"text-align: right ;\">\n\t\t\t\t\t\t<a itemprop=\"url\" href=\"https:\/\/www.gvmacero.it\/en\/contact\/\" target=\"_blank\"  class=\"mkd-btn mkd-btn-medium mkd-btn-solid mkd-dark\"  >    <span class=\"mkd-btn-text\">Contact us<\/span>    <\/a>\t\t\t\t\t<\/div>\n\t\t\t\t\t\t\t<\/div>\n\t\t\t\t<\/div>\n\t\t\t<\/div>\n[\/vc_column][\/vc_row]<\/p>\n<\/div>","protected":false},"excerpt":{"rendered":"<p>[vc_row content_width=&#8221;grid&#8221; css=&#8221;.vc_custom_1613470613207{padding-top: 88px !important;padding-bottom: 15px !important;}&#8221;][vc_column width=&#8221;1\/3&#8243;][vc_single_image image=&#8221;5326&#8243; img_size=&#8221;full&#8221;][vc_empty_space height=&#8221;16px&#8221;][vc_column_text] DRUMFEEDER [\/vc_column_text][vc_empty_space height=&#8221;3px&#8221;][vc_column_text] Automatic&#8230;<\/p>\n","protected":false},"author":1,"featured_media":0,"parent":7237,"menu_order":0,"comment_status":"closed","ping_status":"closed","template":"full-width.php","meta":{"inline_featured_image":false,"footnotes":""},"class_list":["post-7225","page","type-page","status-publish","hentry"],"yoast_head":"<!-- This site is optimized with the Yoast SEO plugin v26.7 - https:\/\/yoast.com\/wordpress\/plugins\/seo\/ -->\n<title>Recycling technologies - GV Macero<\/title>\n<meta name=\"description\" content=\"GV Macero&#039;s recycling technologies allow for the production of high-quality products while respecting the environment. Discover more about our solutions.\" \/>\n<meta name=\"robots\" content=\"index, follow, max-snippet:-1, max-image-preview:large, max-video-preview:-1\" \/>\n<link rel=\"canonical\" href=\"https:\/\/www.gvmacero.it\/en\/company\/technology\/\" \/>\n<meta property=\"og:locale\" content=\"en_US\" \/>\n<meta property=\"og:type\" content=\"article\" \/>\n<meta property=\"og:title\" content=\"Recycling technologies - GV Macero\" \/>\n<meta property=\"og:description\" content=\"GV Macero&#039;s recycling technologies allow for the production of high-quality products while respecting the environment. Discover more about our solutions.\" \/>\n<meta property=\"og:url\" content=\"https:\/\/www.gvmacero.it\/en\/company\/technology\/\" \/>\n<meta property=\"og:site_name\" content=\"GV Macero\" \/>\n<meta property=\"article:modified_time\" content=\"2023-05-18T17:42:34+00:00\" \/>\n<meta name=\"twitter:card\" content=\"summary_large_image\" \/>\n<meta name=\"twitter:label1\" content=\"Est. reading time\" \/>\n\t<meta name=\"twitter:data1\" content=\"3 minutes\" \/>\n<script type=\"application\/ld+json\" class=\"yoast-schema-graph\">{\"@context\":\"https:\/\/schema.org\",\"@graph\":[{\"@type\":\"WebPage\",\"@id\":\"https:\/\/www.gvmacero.it\/en\/company\/technology\/\",\"url\":\"https:\/\/www.gvmacero.it\/en\/company\/technology\/\",\"name\":\"Recycling technologies - GV Macero\",\"isPartOf\":{\"@id\":\"https:\/\/www.gvmacero.it\/en\/#website\"},\"datePublished\":\"2021-02-02T08:58:22+00:00\",\"dateModified\":\"2023-05-18T17:42:34+00:00\",\"description\":\"GV Macero's recycling technologies allow for the production of high-quality products while respecting the environment. Discover more about our solutions.\",\"breadcrumb\":{\"@id\":\"https:\/\/www.gvmacero.it\/en\/company\/technology\/#breadcrumb\"},\"inLanguage\":\"en-US\",\"potentialAction\":[{\"@type\":\"ReadAction\",\"target\":[\"https:\/\/www.gvmacero.it\/en\/company\/technology\/\"]}]},{\"@type\":\"BreadcrumbList\",\"@id\":\"https:\/\/www.gvmacero.it\/en\/company\/technology\/#breadcrumb\",\"itemListElement\":[{\"@type\":\"ListItem\",\"position\":1,\"name\":\"Home\",\"item\":\"https:\/\/www.gvmacero.it\/en\/\"},{\"@type\":\"ListItem\",\"position\":2,\"name\":\"GV Macero: Quality and Innovation\",\"item\":\"https:\/\/www.gvmacero.it\/en\/company\/\"},{\"@type\":\"ListItem\",\"position\":3,\"name\":\"Technology\"}]},{\"@type\":\"WebSite\",\"@id\":\"https:\/\/www.gvmacero.it\/en\/#website\",\"url\":\"https:\/\/www.gvmacero.it\/en\/\",\"name\":\"GV Macero\",\"description\":\"Un nuovo sito targato WordPress\",\"publisher\":{\"@id\":\"https:\/\/www.gvmacero.it\/en\/#organization\"},\"potentialAction\":[{\"@type\":\"SearchAction\",\"target\":{\"@type\":\"EntryPoint\",\"urlTemplate\":\"https:\/\/www.gvmacero.it\/en\/?s={search_term_string}\"},\"query-input\":{\"@type\":\"PropertyValueSpecification\",\"valueRequired\":true,\"valueName\":\"search_term_string\"}}],\"inLanguage\":\"en-US\"},{\"@type\":\"Organization\",\"@id\":\"https:\/\/www.gvmacero.it\/en\/#organization\",\"name\":\"GV Macero\",\"url\":\"https:\/\/www.gvmacero.it\/en\/\",\"logo\":{\"@type\":\"ImageObject\",\"inLanguage\":\"en-US\",\"@id\":\"https:\/\/www.gvmacero.it\/en\/#\/schema\/logo\/image\/\",\"url\":\"https:\/\/www.gvmacero.it\/wp-content\/uploads\/2021\/04\/gvmacero-logo-footer.svg\",\"contentUrl\":\"https:\/\/www.gvmacero.it\/wp-content\/uploads\/2021\/04\/gvmacero-logo-footer.svg\",\"width\":153,\"height\":152,\"caption\":\"GV Macero\"},\"image\":{\"@id\":\"https:\/\/www.gvmacero.it\/en\/#\/schema\/logo\/image\/\"}}]}<\/script>\n<!-- \/ Yoast SEO plugin. -->","yoast_head_json":{"title":"Recycling technologies - GV Macero","description":"GV Macero's recycling technologies allow for the production of high-quality products while respecting the environment. Discover more about our solutions.","robots":{"index":"index","follow":"follow","max-snippet":"max-snippet:-1","max-image-preview":"max-image-preview:large","max-video-preview":"max-video-preview:-1"},"canonical":"https:\/\/www.gvmacero.it\/en\/company\/technology\/","og_locale":"en_US","og_type":"article","og_title":"Recycling technologies - GV Macero","og_description":"GV Macero's recycling technologies allow for the production of high-quality products while respecting the environment. Discover more about our solutions.","og_url":"https:\/\/www.gvmacero.it\/en\/company\/technology\/","og_site_name":"GV Macero","article_modified_time":"2023-05-18T17:42:34+00:00","twitter_card":"summary_large_image","twitter_misc":{"Est. reading time":"3 minutes"},"schema":{"@context":"https:\/\/schema.org","@graph":[{"@type":"WebPage","@id":"https:\/\/www.gvmacero.it\/en\/company\/technology\/","url":"https:\/\/www.gvmacero.it\/en\/company\/technology\/","name":"Recycling technologies - GV Macero","isPartOf":{"@id":"https:\/\/www.gvmacero.it\/en\/#website"},"datePublished":"2021-02-02T08:58:22+00:00","dateModified":"2023-05-18T17:42:34+00:00","description":"GV Macero's recycling technologies allow for the production of high-quality products while respecting the environment. Discover more about our solutions.","breadcrumb":{"@id":"https:\/\/www.gvmacero.it\/en\/company\/technology\/#breadcrumb"},"inLanguage":"en-US","potentialAction":[{"@type":"ReadAction","target":["https:\/\/www.gvmacero.it\/en\/company\/technology\/"]}]},{"@type":"BreadcrumbList","@id":"https:\/\/www.gvmacero.it\/en\/company\/technology\/#breadcrumb","itemListElement":[{"@type":"ListItem","position":1,"name":"Home","item":"https:\/\/www.gvmacero.it\/en\/"},{"@type":"ListItem","position":2,"name":"GV Macero: Quality and Innovation","item":"https:\/\/www.gvmacero.it\/en\/company\/"},{"@type":"ListItem","position":3,"name":"Technology"}]},{"@type":"WebSite","@id":"https:\/\/www.gvmacero.it\/en\/#website","url":"https:\/\/www.gvmacero.it\/en\/","name":"GV Macero","description":"Un nuovo sito targato WordPress","publisher":{"@id":"https:\/\/www.gvmacero.it\/en\/#organization"},"potentialAction":[{"@type":"SearchAction","target":{"@type":"EntryPoint","urlTemplate":"https:\/\/www.gvmacero.it\/en\/?s={search_term_string}"},"query-input":{"@type":"PropertyValueSpecification","valueRequired":true,"valueName":"search_term_string"}}],"inLanguage":"en-US"},{"@type":"Organization","@id":"https:\/\/www.gvmacero.it\/en\/#organization","name":"GV Macero","url":"https:\/\/www.gvmacero.it\/en\/","logo":{"@type":"ImageObject","inLanguage":"en-US","@id":"https:\/\/www.gvmacero.it\/en\/#\/schema\/logo\/image\/","url":"https:\/\/www.gvmacero.it\/wp-content\/uploads\/2021\/04\/gvmacero-logo-footer.svg","contentUrl":"https:\/\/www.gvmacero.it\/wp-content\/uploads\/2021\/04\/gvmacero-logo-footer.svg","width":153,"height":152,"caption":"GV Macero"},"image":{"@id":"https:\/\/www.gvmacero.it\/en\/#\/schema\/logo\/image\/"}}]}},"_links":{"self":[{"href":"https:\/\/www.gvmacero.it\/en\/wp-json\/wp\/v2\/pages\/7225","targetHints":{"allow":["GET"]}}],"collection":[{"href":"https:\/\/www.gvmacero.it\/en\/wp-json\/wp\/v2\/pages"}],"about":[{"href":"https:\/\/www.gvmacero.it\/en\/wp-json\/wp\/v2\/types\/page"}],"author":[{"embeddable":true,"href":"https:\/\/www.gvmacero.it\/en\/wp-json\/wp\/v2\/users\/1"}],"replies":[{"embeddable":true,"href":"https:\/\/www.gvmacero.it\/en\/wp-json\/wp\/v2\/comments?post=7225"}],"version-history":[{"count":7,"href":"https:\/\/www.gvmacero.it\/en\/wp-json\/wp\/v2\/pages\/7225\/revisions"}],"predecessor-version":[{"id":7333,"href":"https:\/\/www.gvmacero.it\/en\/wp-json\/wp\/v2\/pages\/7225\/revisions\/7333"}],"up":[{"embeddable":true,"href":"https:\/\/www.gvmacero.it\/en\/wp-json\/wp\/v2\/pages\/7237"}],"wp:attachment":[{"href":"https:\/\/www.gvmacero.it\/en\/wp-json\/wp\/v2\/media?parent=7225"}],"curies":[{"name":"wp","href":"https:\/\/api.w.org\/{rel}","templated":true}]}}